{"id":1094,"date":"2026-03-25T09:36:18","date_gmt":"2026-03-25T08:36:18","guid":{"rendered":"https:\/\/www.marinayachtingcefalu.it\/escursioni\/"},"modified":"2026-04-17T12:17:26","modified_gmt":"2026-04-17T10:17:26","slug":"catamaran-excursions","status":"publish","type":"page","link":"https:\/\/www.marinayachtingcefalu.it\/en\/catamaran-excursions\/","title":{"rendered":"Excursions"},"content":{"rendered":"\n<section data-block-name=\"im-text-on-bg\" class=\"im-text-on-bg ow-hidden margin-bottom bg-common  \">\n    <div class=\"im-text-on-bg__container basic-container container\">\n        <div class=\"im-text-on-bg__text container-grid-el basic-container container no-padding no-height\">\n            <div class=\"im-text-on-bg__text-wrap flex flex-column container-grid-el fade text-center\">\n\n                                <div class=\"im-text-on-bg__title-wrap\">\n                    \n                                        <h2 class=\"im-text-on-bg__title h2\">Experience an unforgettable journey along the coast of Cefal\u00f9 \u2013 Catamaran Tour<\/h2>\n                                    <\/div>\n                \n                \n                                <div class=\"im-text-on-bg__p flex flex-column-m\">\n                                        <div class=\"col-text  common-text-editor-style \">\n                        <p style=\"text-align: center;\">Set sail on a coast-to-coast tour aboard our modern catamaran and be captivated by the beauty of the sea.<\/p>\n<p style=\"text-align: center;\">Discover the coastline of Cefal\u00f9 from a unique perspective, cruising through breathtaking scenery, crystal-clear waters, and hidden spots accessible only by sea.<\/p>\n<p style=\"text-align: center;\">On board \u201cShark\u201d, our new-generation catamaran equipped with a bar and onboard restrooms, you\u2019ll enjoy an experience focused on comfort and relaxation.<\/p>\n<p style=\"text-align: center;\">Let our crew take care of you: as you sail along the coast, you\u2019ll be served a delicious aperitif directly on board. During the tour, we\u2019ll stop in the most scenic bays, perfect for a refreshing swim or simply to relax and enjoy the sea in total peace.<\/p>\n                    <\/div>\n                                                        <\/div>\n                \n                            <\/div>\n        <\/div>\n\n            <\/div>\n<\/section>\n\n\n<!-- escursioni-in-catamarano -->    \n    \n\n\n    <div class=\"custom-archive margin \">\n\n        \n        <div class=\"custom-archive__container basic-container container\">\n            <div class=\"custom-archive__sub-container container-grid-el\">\n                <ul class=\"custom-archive__wrap\">\n\n                    <li>\n<a href=\"https:\/\/www.marinayachtingcefalu.it\/en\/booking\/catamaran-tour\/\" title=\"Catamaran tour\" class=\"card-base fade swiper-slide\">\n  <div class=\"card-base__text-wrap\">\n\n    <div class=\"card-base__second-row\">\n        <div class=\"card-base__intro p-small\">\n\n                    <span>\n            <strong>50\u20ac<\/strong> adults          <\/span> | \n          \n                    <span>\n            <strong>30\u20ac<\/strong> children 2-10 years          <\/span> | \n          \n          \n        <\/div>\n\n        <h3 class=\"card-base__title h4\">Catamaran tour<\/h3>\n\n                <ul class=\"card-base__info p-small\">\n          <li>\n            <img loading=\"lazy\" decoding=\"async\"\n            src=\"https:\/\/storage1551.cdn-immedia.net\/wp-content\/themes\/marinayachtingcefalu.it\/assets\/img\/spacer\/spacer.png\"\n            data-src=\"https:\/\/storage1551.cdn-immedia.net\/wp-content\/themes\/marinayachtingcefalu.it\/assets\/img\/share\/time.png\"\n            alt=\"\"\n            class=\"lazyload\" width=\"20\" height=\"20\">\n            3h          <\/li>\n        <\/ul>\n        \n        <span class=\"card-base__cta link-base\">Book now<\/span>\n    <\/div>\n\n  <\/div>\n\n  <div class=\"card-base__img-wrap\">\n        <picture>\n      <img loading=\"lazy\" decoding=\"async\"\n        src=\"https:\/\/storage1551.cdn-immedia.net\/wp-content\/themes\/marinayachtingcefalu.it\/assets\/img\/spacer\/spacer.png\"\n        data-src=\"https:\/\/storage1551.cdn-immedia.net\/wp-content\/uploads\/2026\/03\/copertina-10-800x800.jpg\"\n        alt=\"Catamaran tour\"\n        width=\"800\" height=\"800\" class=\"lazyload\">\n    <\/picture>\n  <\/div>\n\n<\/a>\n<\/li><li>\n<a href=\"https:\/\/www.marinayachtingcefalu.it\/en\/booking\/catamaran-sunset-cruise\/\" title=\"Catamaran sunset cruise\" class=\"card-base fade swiper-slide\">\n  <div class=\"card-base__text-wrap\">\n\n    <div class=\"card-base__second-row\">\n        <div class=\"card-base__intro p-small\">\n\n                    <span>\n            <strong>50\u20ac<\/strong> adults          <\/span> | \n          \n                    <span>\n            <strong>30\u20ac<\/strong> children 2-10 years          <\/span> | \n          \n          \n        <\/div>\n\n        <h3 class=\"card-base__title h4\">Catamaran sunset cruise<\/h3>\n\n                <ul class=\"card-base__info p-small\">\n          <li>\n            <img loading=\"lazy\" decoding=\"async\"\n            src=\"https:\/\/storage1551.cdn-immedia.net\/wp-content\/themes\/marinayachtingcefalu.it\/assets\/img\/spacer\/spacer.png\"\n            data-src=\"https:\/\/storage1551.cdn-immedia.net\/wp-content\/themes\/marinayachtingcefalu.it\/assets\/img\/share\/time.png\"\n            alt=\"\"\n            class=\"lazyload\" width=\"20\" height=\"20\">\n            2h 30min          <\/li>\n        <\/ul>\n        \n        <span class=\"card-base__cta link-base\">Book now<\/span>\n    <\/div>\n\n  <\/div>\n\n  <div class=\"card-base__img-wrap\">\n        <picture>\n      <img loading=\"lazy\" decoding=\"async\"\n        src=\"https:\/\/storage1551.cdn-immedia.net\/wp-content\/themes\/marinayachtingcefalu.it\/assets\/img\/spacer\/spacer.png\"\n        data-src=\"https:\/\/storage1551.cdn-immedia.net\/wp-content\/uploads\/2026\/03\/copertina-1-8-800x800.jpg\"\n        alt=\"Catamaran sunset cruise\"\n        width=\"800\" height=\"800\" class=\"lazyload\">\n    <\/picture>\n  <\/div>\n\n<\/a>\n<\/li>\n                    \n\n\n                <\/ul>\n                \n            <\/div>\n        <\/div>\n    <\/div>\n\n\n\n\n    ","protected":false},"excerpt":{"rendered":"","protected":false},"author":1,"featured_media":927,"parent":0,"menu_order":18,"comment_status":"closed","ping_status":"closed","template":"","meta":{"_acf_changed":false,"footnotes":""},"class_list":["post-1094","page","type-page","status-publish","has-post-thumbnail","hentry"],"acf":[],"yoast_head":"<!-- This site is optimized with the Yoast SEO plugin v27.4 - https:\/\/yoast.com\/product\/yoast-seo-wordpress\/ -->\n<title>Catamaran Excursions in Cefal\u00f9 | Marina Yachting Cefal\u00f9<\/title>\n<meta name=\"description\" content=\"Experience the coast of Cefal\u00f9 with our catamaran excursions. Tours with aperitif on board and stops in the most scenic bays. Book your spot online!\" \/>\n<meta name=\"robots\" content=\"index, follow, max-snippet:-1, max-image-preview:large, max-video-preview:-1\" \/>\n<link rel=\"canonical\" href=\"https:\/\/www.marinayachtingcefalu.it\/en\/catamaran-excursions\/\" \/>\n<meta property=\"og:locale\" content=\"en_US\" \/>\n<meta property=\"og:type\" content=\"article\" \/>\n<meta property=\"og:title\" content=\"Catamaran Excursions in Cefal\u00f9 | Marina Yachting Cefal\u00f9\" \/>\n<meta property=\"og:description\" content=\"Experience the coast of Cefal\u00f9 with our catamaran excursions. Tours with aperitif on board and stops in the most scenic bays. Book your spot online!\" \/>\n<meta property=\"og:url\" content=\"https:\/\/www.marinayachtingcefalu.it\/en\/catamaran-excursions\/\" \/>\n<meta property=\"og:site_name\" content=\"Marina Yachting Cefal\u00f9\" \/>\n<meta property=\"article:modified_time\" content=\"2026-04-17T10:17:26+00:00\" \/>\n<meta property=\"og:image\" content=\"https:\/\/storage1551.cdn-immedia.net\/wp-content\/uploads\/2026\/04\/marina-og.jpg\" \/>\n\t<meta property=\"og:image:width\" content=\"1600\" \/>\n\t<meta property=\"og:image:height\" content=\"900\" \/>\n\t<meta property=\"og:image:type\" content=\"image\/jpeg\" \/>\n<meta name=\"twitter:card\" content=\"summary_large_image\" \/>\n<meta name=\"twitter:label1\" content=\"Est. reading time\" \/>\n\t<meta name=\"twitter:data1\" content=\"1 minute\" \/>\n<script type=\"application\/ld+json\" class=\"yoast-schema-graph\">{\"@context\":\"https:\\\/\\\/schema.org\",\"@graph\":[{\"@type\":\"WebPage\",\"@id\":\"https:\\\/\\\/www.marinayachtingcefalu.it\\\/en\\\/catamaran-excursions\\\/\",\"url\":\"https:\\\/\\\/www.marinayachtingcefalu.it\\\/en\\\/catamaran-excursions\\\/\",\"name\":\"Catamaran Excursions in Cefal\u00f9 | Marina Yachting Cefal\u00f9\",\"isPartOf\":{\"@id\":\"https:\\\/\\\/www.marinayachtingcefalu.it\\\/en\\\/#website\"},\"primaryImageOfPage\":{\"@id\":\"https:\\\/\\\/www.marinayachtingcefalu.it\\\/en\\\/catamaran-excursions\\\/#primaryimage\"},\"image\":{\"@id\":\"https:\\\/\\\/www.marinayachtingcefalu.it\\\/en\\\/catamaran-excursions\\\/#primaryimage\"},\"thumbnailUrl\":\"https:\\\/\\\/www.marinayachtingcefalu.it\\\/wp-content\\\/uploads\\\/2026\\\/04\\\/g7hmc3u26mo.jpg\",\"datePublished\":\"2026-03-25T08:36:18+00:00\",\"dateModified\":\"2026-04-17T10:17:26+00:00\",\"description\":\"Experience the coast of Cefal\u00f9 with our catamaran excursions. Tours with aperitif on board and stops in the most scenic bays. Book your spot online!\",\"breadcrumb\":{\"@id\":\"https:\\\/\\\/www.marinayachtingcefalu.it\\\/en\\\/catamaran-excursions\\\/#breadcrumb\"},\"inLanguage\":\"en-US\",\"potentialAction\":[{\"@type\":\"ReadAction\",\"target\":[\"https:\\\/\\\/www.marinayachtingcefalu.it\\\/en\\\/catamaran-excursions\\\/\"]}]},{\"@type\":\"ImageObject\",\"inLanguage\":\"en-US\",\"@id\":\"https:\\\/\\\/www.marinayachtingcefalu.it\\\/en\\\/catamaran-excursions\\\/#primaryimage\",\"url\":\"https:\\\/\\\/www.marinayachtingcefalu.it\\\/wp-content\\\/uploads\\\/2026\\\/04\\\/g7hmc3u26mo.jpg\",\"contentUrl\":\"https:\\\/\\\/www.marinayachtingcefalu.it\\\/wp-content\\\/uploads\\\/2026\\\/04\\\/g7hmc3u26mo.jpg\",\"width\":1600,\"height\":900,\"caption\":\"an aerial view of a sailboat in the ocean\"},{\"@type\":\"BreadcrumbList\",\"@id\":\"https:\\\/\\\/www.marinayachtingcefalu.it\\\/en\\\/catamaran-excursions\\\/#breadcrumb\",\"itemListElement\":[{\"@type\":\"ListItem\",\"position\":1,\"name\":\"Home\",\"item\":\"https:\\\/\\\/www.marinayachtingcefalu.it\\\/en\\\/\"},{\"@type\":\"ListItem\",\"position\":2,\"name\":\"Excursions\"}]},{\"@type\":\"WebSite\",\"@id\":\"https:\\\/\\\/www.marinayachtingcefalu.it\\\/en\\\/#website\",\"url\":\"https:\\\/\\\/www.marinayachtingcefalu.it\\\/en\\\/\",\"name\":\"Marina Yachting Cefal\u00f9\",\"description\":\"\",\"potentialAction\":[{\"@type\":\"SearchAction\",\"target\":{\"@type\":\"EntryPoint\",\"urlTemplate\":\"https:\\\/\\\/www.marinayachtingcefalu.it\\\/en\\\/?s={search_term_string}\"},\"query-input\":{\"@type\":\"PropertyValueSpecification\",\"valueRequired\":true,\"valueName\":\"search_term_string\"}}],\"inLanguage\":\"en-US\"}]}<\/script>\n<!-- \/ Yoast SEO plugin. -->","yoast_head_json":{"title":"Catamaran Excursions in Cefal\u00f9 | Marina Yachting Cefal\u00f9","description":"Experience the coast of Cefal\u00f9 with our catamaran excursions. Tours with aperitif on board and stops in the most scenic bays. Book your spot online!","robots":{"index":"index","follow":"follow","max-snippet":"max-snippet:-1","max-image-preview":"max-image-preview:large","max-video-preview":"max-video-preview:-1"},"canonical":"https:\/\/www.marinayachtingcefalu.it\/en\/catamaran-excursions\/","og_locale":"en_US","og_type":"article","og_title":"Catamaran Excursions in Cefal\u00f9 | Marina Yachting Cefal\u00f9","og_description":"Experience the coast of Cefal\u00f9 with our catamaran excursions. Tours with aperitif on board and stops in the most scenic bays. Book your spot online!","og_url":"https:\/\/www.marinayachtingcefalu.it\/en\/catamaran-excursions\/","og_site_name":"Marina Yachting Cefal\u00f9","article_modified_time":"2026-04-17T10:17:26+00:00","og_image":[{"width":1600,"height":900,"url":"https:\/\/storage1551.cdn-immedia.net\/wp-content\/uploads\/2026\/04\/marina-og.jpg","type":"image\/jpeg"}],"twitter_card":"summary_large_image","twitter_misc":{"Est. reading time":"1 minute"},"schema":{"@context":"https:\/\/schema.org","@graph":[{"@type":"WebPage","@id":"https:\/\/www.marinayachtingcefalu.it\/en\/catamaran-excursions\/","url":"https:\/\/www.marinayachtingcefalu.it\/en\/catamaran-excursions\/","name":"Catamaran Excursions in Cefal\u00f9 | Marina Yachting Cefal\u00f9","isPartOf":{"@id":"https:\/\/www.marinayachtingcefalu.it\/en\/#website"},"primaryImageOfPage":{"@id":"https:\/\/www.marinayachtingcefalu.it\/en\/catamaran-excursions\/#primaryimage"},"image":{"@id":"https:\/\/www.marinayachtingcefalu.it\/en\/catamaran-excursions\/#primaryimage"},"thumbnailUrl":"https:\/\/storage1551.cdn-immedia.net\/wp-content\/uploads\/2026\/04\/g7hmc3u26mo.jpg","datePublished":"2026-03-25T08:36:18+00:00","dateModified":"2026-04-17T10:17:26+00:00","description":"Experience the coast of Cefal\u00f9 with our catamaran excursions. Tours with aperitif on board and stops in the most scenic bays. Book your spot online!","breadcrumb":{"@id":"https:\/\/www.marinayachtingcefalu.it\/en\/catamaran-excursions\/#breadcrumb"},"inLanguage":"en-US","potentialAction":[{"@type":"ReadAction","target":["https:\/\/www.marinayachtingcefalu.it\/en\/catamaran-excursions\/"]}]},{"@type":"ImageObject","inLanguage":"en-US","@id":"https:\/\/www.marinayachtingcefalu.it\/en\/catamaran-excursions\/#primaryimage","url":"https:\/\/storage1551.cdn-immedia.net\/wp-content\/uploads\/2026\/04\/g7hmc3u26mo.jpg","contentUrl":"https:\/\/storage1551.cdn-immedia.net\/wp-content\/uploads\/2026\/04\/g7hmc3u26mo.jpg","width":1600,"height":900,"caption":"an aerial view of a sailboat in the ocean"},{"@type":"BreadcrumbList","@id":"https:\/\/www.marinayachtingcefalu.it\/en\/catamaran-excursions\/#breadcrumb","itemListElement":[{"@type":"ListItem","position":1,"name":"Home","item":"https:\/\/www.marinayachtingcefalu.it\/en\/"},{"@type":"ListItem","position":2,"name":"Excursions"}]},{"@type":"WebSite","@id":"https:\/\/www.marinayachtingcefalu.it\/en\/#website","url":"https:\/\/www.marinayachtingcefalu.it\/en\/","name":"Marina Yachting Cefal\u00f9","description":"","potentialAction":[{"@type":"SearchAction","target":{"@type":"EntryPoint","urlTemplate":"https:\/\/www.marinayachtingcefalu.it\/en\/?s={search_term_string}"},"query-input":{"@type":"PropertyValueSpecification","valueRequired":true,"valueName":"search_term_string"}}],"inLanguage":"en-US"}]}},"_links":{"self":[{"href":"https:\/\/www.marinayachtingcefalu.it\/en\/wp-json\/wp\/v2\/pages\/1094","targetHints":{"allow":["GET"]}}],"collection":[{"href":"https:\/\/www.marinayachtingcefalu.it\/en\/wp-json\/wp\/v2\/pages"}],"about":[{"href":"https:\/\/www.marinayachtingcefalu.it\/en\/wp-json\/wp\/v2\/types\/page"}],"author":[{"embeddable":true,"href":"https:\/\/www.marinayachtingcefalu.it\/en\/wp-json\/wp\/v2\/users\/1"}],"replies":[{"embeddable":true,"href":"https:\/\/www.marinayachtingcefalu.it\/en\/wp-json\/wp\/v2\/comments?post=1094"}],"version-history":[{"count":4,"href":"https:\/\/www.marinayachtingcefalu.it\/en\/wp-json\/wp\/v2\/pages\/1094\/revisions"}],"predecessor-version":[{"id":1359,"href":"https:\/\/www.marinayachtingcefalu.it\/en\/wp-json\/wp\/v2\/pages\/1094\/revisions\/1359"}],"wp:featuredmedia":[{"embeddable":true,"href":"https:\/\/www.marinayachtingcefalu.it\/en\/wp-json\/wp\/v2\/media\/927"}],"wp:attachment":[{"href":"https:\/\/www.marinayachtingcefalu.it\/en\/wp-json\/wp\/v2\/media?parent=1094"}],"curies":[{"name":"wp","href":"https:\/\/api.w.org\/{rel}","templated":true}]}}